{"id":6,"date":"2020-07-26T13:08:16","date_gmt":"2020-07-26T13:08:16","guid":{"rendered":"https:\/\/platinchen.de\/?page_id=6"},"modified":"2020-07-27T09:42:49","modified_gmt":"2020-07-27T09:42:49","slug":"das-neue-museum-oeffnet-seine-tueren-2","status":"publish","type":"page","link":"https:\/\/platinchen.de\/","title":{"rendered":"Willkommen beim Platinchen"},"content":{"rendered":"\n<div class=\"wp-block-group alignwide\"><div class=\"wp-block-group__inner-container\">\n<figure class=\"wp-block-image size-large\"><img loading=\"lazy\" width=\"1024\" height=\"616\" src=\"https:\/\/platinchen.de\/wp-content\/uploads\/2020\/07\/20190424_163957-1024x616.jpg\" alt=\"\" class=\"wp-image-84\" srcset=\"https:\/\/platinchen.de\/wp-content\/uploads\/2020\/07\/20190424_163957-1024x616.jpg 1024w, https:\/\/platinchen.de\/wp-content\/uploads\/2020\/07\/20190424_163957-300x180.jpg 300w, https:\/\/platinchen.de\/wp-content\/uploads\/2020\/07\/20190424_163957-768x462.jpg 768w, https:\/\/platinchen.de\/wp-content\/uploads\/2020\/07\/20190424_163957-1536x924.jpg 1536w, https:\/\/platinchen.de\/wp-content\/uploads\/2020\/07\/20190424_163957-2048x1232.jpg 2048w, https:\/\/platinchen.de\/wp-content\/uploads\/2020\/07\/20190424_163957-1200x722.jpg 1200w, https:\/\/platinchen.de\/wp-content\/uploads\/2020\/07\/20190424_163957-1980x1191.jpg 1980w\" sizes=\"(max-width: 1024px) 100vw, 1024px\" \/><\/figure>\n<\/div><\/div>\n\n\n\n<p>Auf dieser Seite werden Funktionsmodelle, Videotutorials und einiges mehr f\u00fcr den digitalen und  technischen Unterrichtsalltag zur Verf\u00fcgung gestellt. Es wird hier nichts verkauft!!! Sollten Sie mich durch Spenden unterst\u00fctzen wollen, gerne. Schreiben Sie mich per Mail einfach an.<\/p>\n\n\n\n<p>Jede Platine wurde selbst erstellt, die meisten getestet. Die Produktion der Platinen ist sehr g\u00fcnstig, die meisten Bauteile bekommen Sie problemlos bei Ebay f\u00fcr schmales Geld. Die Platinen selbst k\u00f6nnen Sie ebenso f\u00fcr einen geringen Betrag produzieren lassen. Ein Videotutorial hierzu finden Sie hier.<\/p>\n\n\n\n<p>Die Tutorials wurden alle ebenso selbst erstellt und k\u00f6nnen gerne im Unterricht verwendet werden.<\/p>\n\n\n\n<p>Viel Spa\u00df und Erfolg mit den Materialien.<\/p>\n","protected":false},"excerpt":{"rendered":"<p>Auf dieser Seite werden Funktionsmodelle, Videotutorials und einiges mehr f\u00fcr den digitalen und technischen Unterrichtsalltag zur Verf\u00fcgung gestellt. Es wird hier nichts verkauft!!! Sollten Sie mich durch Spenden unterst\u00fctzen wollen, gerne. Schreiben Sie mich per Mail einfach an. Jede Platine wurde selbst erstellt, die meisten getestet. Die Produktion der Platinen ist sehr g\u00fcnstig, die meisten [&hellip;]<\/p>\n","protected":false},"author":1,"featured_media":0,"parent":0,"menu_order":0,"comment_status":"closed","ping_status":"closed","template":"","meta":[],"_links":{"self":[{"href":"https:\/\/platinchen.de\/index.php?rest_route=\/wp\/v2\/pages\/6"}],"collection":[{"href":"https:\/\/platinchen.de\/index.php?rest_route=\/wp\/v2\/pages"}],"about":[{"href":"https:\/\/platinchen.de\/index.php?rest_route=\/wp\/v2\/types\/page"}],"author":[{"embeddable":true,"href":"https:\/\/platinchen.de\/index.php?rest_route=\/wp\/v2\/users\/1"}],"replies":[{"embeddable":true,"href":"https:\/\/platinchen.de\/index.php?rest_route=%2Fwp%2Fv2%2Fcomments&post=6"}],"version-history":[{"count":4,"href":"https:\/\/platinchen.de\/index.php?rest_route=\/wp\/v2\/pages\/6\/revisions"}],"predecessor-version":[{"id":90,"href":"https:\/\/platinchen.de\/index.php?rest_route=\/wp\/v2\/pages\/6\/revisions\/90"}],"wp:attachment":[{"href":"https:\/\/platinchen.de\/index.php?rest_route=%2Fwp%2Fv2%2Fmedia&parent=6"}],"curies":[{"name":"wp","href":"https:\/\/api.w.org\/{rel}","templated":true}]}}